{"id":606,"date":"2022-09-05T10:15:28","date_gmt":"2022-09-05T08:15:28","guid":{"rendered":"https:\/\/woodoing.space\/bolzon\/?page_id=606"},"modified":"2022-10-27T11:22:53","modified_gmt":"2022-10-27T09:22:53","slug":"privacy-policy","status":"publish","type":"page","link":"https:\/\/www.bolzongioielli.it\/en\/privacy-policy\/","title":{"rendered":"PRIVACY POLICY"},"content":{"rendered":"<p><em class=\"\">Per accedere immediatamente alla cookie policy&nbsp;<a href=\"https:\/\/www.bolzongioielli.it\/en\/cookie-policy\/\" data-type=\"page\" data-id=\"696\">cliccare qui<\/a><\/em><\/p>\n\n\n\n<p><em class=\"\">Questa informativa \u00e8 redatta e personalizzata per i visitatori del sito web Il presente documento annulla e sostituisce integralmente il documento che era stato pubblicato in precedenza in tema di cookie.Informiamo inoltre che, per fornire un servizio completo il nostro sito pu\u00f2 contenere link ad altri siti web, non gestiti da Bolzon Gioielli srl che non \u00e8 responsabile di errori, contenuti, cookies, pubblicazioni di contenuto morale illecito, pubblicit\u00e0, banner o files non conformi alle disposizioni normative vigenti e del rispetto della normativa Privacy da parte di siti non gestiti dal Titolare.<\/em><\/p>\n\n\n\n<p><em class=\"\">S<strong>oggetti interessati:utenti del sito web<\/strong>Bolzon Gioielli srl in qualit\u00e0 di Titolare del trattamento dei suoi dati personali ai sensi e per gli effetti del D.Lgs. 30 Giugno 2003 n.196 (\u2018Codice in materia di protezione dei dati personali\u2019), di seguito \u2018Codice della Privacy\u2019, con la presente La informa che la citata normativa prevede la tutela delle persone e di altri soggetti rispetto al trattamento dei dati personali e che tale trattamento sar\u00e0 improntato ai principi di correttezza, liceit\u00e0 e trasparenza e di tutela della Sua riservatezza e dei Suoi diritti. Le informazioni ed i dati personali da Lei forniti od altrimenti acquisti nell\u2019ambito dell\u2019utilizzo del sito saranno trattati in accordo alle disposizioni legislative della normativa sopra richiamata e degli obblighi di riservatezza ivi previsti.<strong>Tipologia di dati trattati<br><\/strong><\/em><\/p>\n\n\n\n<p><em class=\"\"><strong>Dati di Navigazione<\/strong>\u2022 gli indirizzi IP o i nomi a dominio dei computer e di altri dispositivi utilizzati dagli utenti che si connettono al sito;\u2022 gli indirizzi in notazione URI (Uniform Resource Identifier) delle risorse richieste ed eventuali indicazioni temporali delle stesse;\u2022 parametri relativi al sistema operativo e all&#8217;ambiente informatico dell&#8217;utente;pagine di partenza e di arrivo;\u2022 indice di Navigazione e comportamenti identificativi durante la visualizzazione delle pagine del sito.<\/em><em class=\"\"><\/em><em class=\"\"><\/em><em class=\"\">Dati personali forniti volontariamente dall&#8217;utente:l&#8217;invio facoltativo, esplicito e volontario di posta elettronica agli indirizzi indicati su questo sito e la compilazione di form presenti sul medesimo comporta la successiva acquisizione dei dati personali del mittente ( a mero titolo esemplificativo nome, cognome, indirizzo mail). Specifiche informative di sintesi sono presenti nelle pagine che prevedono i form.<br><\/em><\/p>\n\n\n\n<p><em class=\"\"><strong>Finalit\u00e0 del trattamento:<\/strong>i Suoi dati raccolti durante la navigazione verranno trattati per le seguenti finalit\u00e0:1) svolgimento di operazioni strettamente connesse e strumentali alla gestione dei rapporti con gli utenti o dei visitatori del sito;2) raccolta, conservazione ed elaborazione dei suoi dati per:\u2022 analisi statistiche anche in forma anonima e\/o aggregata;\u2022 analisi statistiche volte alla verifica della qualit\u00e0 dei servizi offerti dal sito;Il trattamento dei dati per l\u2019espletamento della finalit\u00e0 di cui al punto 1 \u00e8 obbligatoria e l\u2019eventuale non comunicazione, o comunicazione errata, di una delle informazioni pu\u00f2 limitare e\/o impedire l\u2019utilizzo in pieno delle funzionalit\u00e0 e dei servizi presenti sul sito. Il conferimento dei dati indicati nella finalit\u00e0 2 \u00e8 facoltativo, ed un suo eventuale rifiuto al trattamento non compromette le funzionalit\u00e0 e i servizi presenti sul sito. Relativamente al conferimento facoltativo vengono rese maggiori informazioni relative ai cookie presenti sul sito nel documento cookie policy accessibile anche dall\u2019informativa breve.<br><\/em><\/p>\n\n\n\n<p><em class=\"\"><strong>Modalit\u00e0 di trattamento:<\/strong>i dati personali sono trattati con strumenti manuali, elettronici, attraverso sistemi automatizzati come previsto nell\u2019art. 130 del Codice e anche mediante cookies per il tempo strettamente necessario a conseguire gli scopi per cui sono stati raccolti. Ogni trattamento avviene nel rispetto delle modalit\u00e0 indicate nel D.lgs 196\/2003 con l\u2019adozione delle misure minime ed idonee di sicurezza.I trattamenti connessi ai servizi web sono effettuati presso la sede del Titolare e presso la sede del provider Aruba ubicato in Europa e sono conservati presso le sedi dove sono situati i server fisici.<br><\/em><\/p>\n\n\n\n<p><em class=\"\"><strong>Comunicazione:<\/strong>i suoi dati sono trattati all\u2019interno dell\u2019azienda dalle categorie di soggetti autorizzati e nominati incaricati dal Titolare (l\u2019elenco \u00e8 disponibile contattando il Titolare del trattamento).<br><strong>I suoi dati possono essere comunicati a terzi, in particolare a:<\/strong>\u2022 Provider esterno;\u2022 Societ\u00e0 che effettuano la manutenzione ordinaria e straordinaria del sito web.Diffusione:i suoi dati non saranno diffusiTerze parti:&nbsp;I suoi dati sono raccolti anche mediante strumenti e servizi erogati da terze parti e conservati da loro. Per maggiori informazioni si rimanda alla cookies policy e a quanto segue:Google Analytics: http:\/\/www.google.com\/analytics\/terms\/it.html &#8211; http:\/\/www.google.com\/privacypolicy.htmlGoogle maps: http:\/\/www.google.co.uk\/intl\/it_IT\/policies\/Social: vedi dettaglio in cookie policyFlash cookie: vedi dettaglio in cookie policyTitolare:il Titolare del trattamento dei dati, ai sensi della Legge, \u00e8 la scrivente Bolzon Gioielli srlli srl nella persona del suo legale rappresentante pro tempore.&nbsp;Lei ha diritto di ottenere dal titolare al trattamento la cancellazione, la comunicazione, l\u2019aggiornamento, la rettificazione, l\u2019integrazione dei dati personali che La riguardano, nonch\u00e9 in generale pu\u00f2 esercitare tutti i diritti previsti dall\u2019art.7 del Codice della Privacy fornito in copia di seguito.<br><\/em><\/p>\n\n\n\n<p><em class=\"\"><strong>APPLICAZIONE DELLA PRESENTE INFORMATIVA<\/strong>Se avete dubbi riguardo la presente Informativa, contattate innanzitutto Bolzon Gioielli srl inviando una e-mail a info@bolzongioielli.it<br><\/em><\/p>\n\n\n\n<p><em class=\"\"><strong>MODIFICHE ALLA PRESENTE INFORMATIVA<\/strong>Bolzon Gioielli srl si riserva il diritto di aggiornare la presente informativa per adeguarla al diritto sopravveniente, nonch\u00e9 tenendo in debita considerazione i suggerimenti trasmessi da dipendenti, clienti, collaboratori e utenti. In caso di modifiche da parte di (nome azienda), verr\u00e0 visualizzata la parola &#8216;aggiornamento&#8217; accanto al collegamento Informativa sito web nella pagina principale di privacy nella pagina principale di .In caso di modifiche sostanziali all\u2019informativa Bolzon Gioielli srl \u02d9pubblicher\u00e0 in maniera visibile tali modifiche.Decreto Legislativo n. 196\/2003: Art. 7 \u2013 Diritto di accesso ai dati personali ed altri diritti&nbsp;1. L\u2019interessato ha diritto di ottenere la conferma dell\u2019esistenza o meno di dati personali che lo riguardano, anche se non ancora registrati, e la loro comunicazione in forma intelligibile.2. L\u2019interessato ha diritto di ottenere l\u2019indicazione :a) dell\u2019origine dei dati personali;b) delle finalit\u00e0 e modalit\u00e0 del trattamento;c) della logica applicata in caso di trattamento effettuato con l\u2019ausilio di strumenti elettronici;d) degli estremi identificativi del titolare, dei responsabili e del rappresentante designato ai sensi dell\u2019articolo 5, comma 2;e)dei soggetti o delle categorie di soggetti ai quali i dati personali possono essere comunicati o che possono venirne a conoscenza in qualit\u00e0 di rappresentante designato nel territorio dello Stato, di responsabili o incaricati.3. L\u2019interessato ha diritto di ottenere:a) l\u2019aggiornamento, la rettificazione ovvero, quando vi ha interesse, l\u2019integrazione dei dati;b) la cancellazione, la trasformazione in forma anonima o il blocco dei dati trattati in violazione di legge, compresi quelli di cui non \u00e8 necessaria la conservazione in relazione agli scopi per i quali i dati sono stati raccolti o successivamente trattati;c) l\u2019attestazione che le operazioni di cui alle lettere a) e b) sono state portate a conoscenza, anche per quanto riguarda il loro contenuto, di coloro ai quali i dati sono stati comunicati o diffusi, eccettuato il caso in cui tale adempimento si rivela impossibile o comporta un impiego di mezzi manifestamente sproporzionato rispetto al diritto tutelato.4. L\u2019interessato ha diritto di opporsi, in tutto o in parte:a) per motivi legittimi al trattamento dei dati personali che lo riguardano, ancorch\u00e8 pertinenti allo scopo della raccolta,b) al trattamento di dati personali che lo riguardano a fini di invio di materiale pubblicitario o di vendita diretta o per il compimento di ricerche di mercato o di comunicazione commerciale.<\/em><\/p>","protected":false},"excerpt":{"rendered":"<p>Per accedere immediatamente alla cookie policy&nbsp;cliccare qui Questa informativa \u00e8 redatta e personalizzata per i visitatori del sito web Il presente documento annulla e sostituisce integralmente il documento che era stato pubblicato in precedenza in tema di cookie.Informiamo inoltre che, per fornire un servizio completo il nostro sito pu\u00f2 contenere link ad altri siti web, [&hellip;]<\/p>\n","protected":false},"author":2,"featured_media":0,"parent":0,"menu_order":0,"comment_status":"closed","ping_status":"closed","template":"","meta":{"footnotes":""},"class_list":["post-606","page","type-page","status-publish","hentry"],"_links":{"self":[{"href":"https:\/\/www.bolzongioielli.it\/en\/wp-json\/wp\/v2\/pages\/606","targetHints":{"allow":["GET"]}}],"collection":[{"href":"https:\/\/www.bolzongioielli.it\/en\/wp-json\/wp\/v2\/pages"}],"about":[{"href":"https:\/\/www.bolzongioielli.it\/en\/wp-json\/wp\/v2\/types\/page"}],"author":[{"embeddable":true,"href":"https:\/\/www.bolzongioielli.it\/en\/wp-json\/wp\/v2\/users\/2"}],"replies":[{"embeddable":true,"href":"https:\/\/www.bolzongioielli.it\/en\/wp-json\/wp\/v2\/comments?post=606"}],"version-history":[{"count":5,"href":"https:\/\/www.bolzongioielli.it\/en\/wp-json\/wp\/v2\/pages\/606\/revisions"}],"predecessor-version":[{"id":843,"href":"https:\/\/www.bolzongioielli.it\/en\/wp-json\/wp\/v2\/pages\/606\/revisions\/843"}],"wp:attachment":[{"href":"https:\/\/www.bolzongioielli.it\/en\/wp-json\/wp\/v2\/media?parent=606"}],"curies":[{"name":"wp","href":"https:\/\/api.w.org\/{rel}","templated":true}]}}