{"id":696,"date":"2022-09-07T10:28:56","date_gmt":"2022-09-07T08:28:56","guid":{"rendered":"https:\/\/woodoing.space\/bolzon\/?page_id=696"},"modified":"2026-03-25T11:44:56","modified_gmt":"2026-03-25T10:44:56","slug":"cookie-policy","status":"publish","type":"page","link":"https:\/\/www.bolzongioielli.it\/en\/cookie-policy\/","title":{"rendered":"COOKIE POLICY"},"content":{"rendered":"<h2 class=\"wp-block-heading\">1.&nbsp;Cosa sono i cookies<\/h2>\n\n\n\n<p>I cookie sono piccoli file di testo che vengono automaticamente posizionati sul PC del navigatore all\u2019interno del browser. Essi contengono informazioni di base sulla navigazione in Internet e grazie al browser vengono riconosciuti ogni volta che l\u2019utente visita il sito.<\/p>\n\n\n\n<p>Di seguito sono riportate tutte le informazioni relative ai cookie installati da questo sito e le indicazioni relative alla gestione delle preferenze da parte dell\u2019Utente.<\/p>\n\n\n\n<h2 class=\"wp-block-heading\">2. Cookie utilizzati da questo sito<\/h2>\n\n\n\n<p>Questo sito utilizza cookie, anche di terze parti, per migliorarne l\u2019esperienza di navigazione e consentire a chi naviga di usufruire dei nostri servizi online e di visualizzare pubblicit\u00e0 in linea con le proprie preferenze. I cookie utilizzati in questo sito rientrano nelle categorie descritte di seguito.<\/p>\n\n\n\n<h2 class=\"wp-block-heading\">3.&nbsp;Gestione dei cookie<\/h2>\n\n\n\n<h3 class=\"wp-block-heading\">3.1 Cookie tecnici<\/h3>\n\n\n\n<p>I cookie tecnici descritti qui di seguito non richiedono consenso in quanto strettamente necessari all\u2019erogazione del servizio; vengono perci\u00f2 installati automaticamente a seguito dell\u2019accesso al sito:<\/p>\n\n\n\n<p>\u25cf&nbsp; Cookie che permettono al sito di funzionare correttamente anche consentendo all\u2019Utente di avere un\u2019esperienza di navigazione funzionale. Ad esempio, mantengono l\u2019utente collegato durante la navigazione evitando che il sito richieda di collegarsi pi\u00f9 volte per accedere alle pagine successive.<\/p>\n\n\n\n<p>\u25cf Cookie che permettono di ricordare le preferenze selezionate dall\u2019Utente durante la navigazione, ad esempio, consentono di impostare la lingua.<\/p>\n\n\n\n<p>\u25cf&nbsp; &nbsp;Cookie che aiutano a capire, attraverso dati raccolti in forma anonima e aggregata, come gli utenti interagiscono con il sito internet fornendo informazioni relative alle sezioni visitate, il tempo trascorso sul sito, eventuali malfunzionamenti.<\/p>\n\n\n\n<h3 class=\"wp-block-heading\">3.2 Cookie di terze parti<\/h3>\n\n\n\n<p>Attraverso questo sito vengono installati anche cookie gestiti da terze parti.<br>Se desiderate avere informazioni relative a questi cookie di terze parti e su come gestire il consenso vi preghiamo di accedere ai link delle tabelle di seguito riportate. Inoltre, accedendo alla pagina&nbsp;<a rel=\"noreferrer noopener\" href=\"http:\/\/www.youronlinechoices.com\/it\/le-tue-scelte\" target=\"_blank\">http:\/\/www.youronlinechoices.com\/it\/le-tue-scelte<\/a>&nbsp;\u00e8 possibile informarsi sulle modalit\u00e0 di erogazione di annunci basati sugli interessi degli Utenti oltre che gestire i cookie delle societ\u00e0 elencate che lavorano con i gestori dei siti web per raccogliere e utilizzare informazioni strumentali a tale finalit\u00e0.<\/p>\n\n\n\n<p><\/p>\n\n\n\n<h3 class=\"wp-block-heading\">4.&nbsp;Ricordati che puoi gestire le tue preferenze sui cookie anche attraverso il browser<\/h3>\n\n\n\n<p><strong>Internet Explorer<\/strong><\/p>\n\n\n\n<p>In Internet Explorer, fare clic su \u201cStrumenti\u201d e selezionare \u201cOpzioni Internet\u201d. Nella scheda Privacy, spostare il cursore verso l\u2019alto per bloccare tutti i cookie o verso il basso per consentire tutti i cookie, e quindi fare clic su OK.<\/p>\n\n\n\n<p><strong>Firefox<\/strong><br>Scegliere il men\u00f9 \u201cStrumenti\u201d del browser e selezionare il menu \u201cOpzioni\u201d. Fare clic sulla scheda \u201cPrivacy\u201d. Nell\u2019elenco a discesa \u201cRegole di conservazione\u201d selezionare il livello desiderato. Spuntare la casella \u201cAccettare i cookie\u201d per attivare i cookie, o togliere la spunta per disattivarli. Scegliere per quanto tempo i cookie possono essere conservati.<\/p>\n\n\n\n<p><strong>Safari<\/strong><\/p>\n\n\n\n<p>Cliccare nel Men\u00f9 Safari, selezionare il menu \u201cModifica\u201d e selezionare \u201cPreferences\u201d. Cliccare su \u201cPrivacy\u201d. Posizionare l\u2019impostazione \u201ccookies Block\u201d e fare clic su OK.<\/p>\n\n\n\n<p><strong>Chrome<\/strong><\/p>\n\n\n\n<p>Cliccare sul menu Chrome nella barra degli strumenti del browser. Selezionare \u201cImpostazioni\u201d. Cliccare su \u201cMostra impostazioni avanzate\u201d. Nella sezione \u201cPrivacy\u201d, cliccare su \u201cImpostazioni contenuti\u201d. Nella sezione \u201cCookies\u201d, selezionare \u201cImpedisci a tutti i siti di salvare i dati\u201d e quindi fare clic su OK.<\/p>\n\n\n\n<p>Se viene utilizzato un qualsiasi altro browser o non si conosce il tipo e versione di browser utilizzato, cliccare \u201cAiuto\u201d nella finestra del browser in alto, da cui accedere a tutte le informazioni necessarie.<\/p>","protected":false},"excerpt":{"rendered":"<p>1.&nbsp;Cosa sono i cookies I cookie sono piccoli file di testo che vengono automaticamente posizionati sul PC del navigatore all\u2019interno del browser. Essi contengono informazioni di base sulla navigazione in Internet e grazie al browser vengono riconosciuti ogni volta che l\u2019utente visita il sito. Di seguito sono riportate tutte le informazioni relative ai cookie installati [&hellip;]<\/p>\n","protected":false},"author":2,"featured_media":0,"parent":0,"menu_order":0,"comment_status":"closed","ping_status":"closed","template":"","meta":{"footnotes":""},"class_list":["post-696","page","type-page","status-publish","hentry"],"_links":{"self":[{"href":"https:\/\/www.bolzongioielli.it\/en\/wp-json\/wp\/v2\/pages\/696","targetHints":{"allow":["GET"]}}],"collection":[{"href":"https:\/\/www.bolzongioielli.it\/en\/wp-json\/wp\/v2\/pages"}],"about":[{"href":"https:\/\/www.bolzongioielli.it\/en\/wp-json\/wp\/v2\/types\/page"}],"author":[{"embeddable":true,"href":"https:\/\/www.bolzongioielli.it\/en\/wp-json\/wp\/v2\/users\/2"}],"replies":[{"embeddable":true,"href":"https:\/\/www.bolzongioielli.it\/en\/wp-json\/wp\/v2\/comments?post=696"}],"version-history":[{"count":2,"href":"https:\/\/www.bolzongioielli.it\/en\/wp-json\/wp\/v2\/pages\/696\/revisions"}],"predecessor-version":[{"id":842,"href":"https:\/\/www.bolzongioielli.it\/en\/wp-json\/wp\/v2\/pages\/696\/revisions\/842"}],"wp:attachment":[{"href":"https:\/\/www.bolzongioielli.it\/en\/wp-json\/wp\/v2\/media?parent=696"}],"curies":[{"name":"wp","href":"https:\/\/api.w.org\/{rel}","templated":true}]}}